{"id":8138,"date":"2020-09-13T12:17:20","date_gmt":"2020-09-13T12:17:20","guid":{"rendered":"https:\/\/cursosdeinglespanama.com.pa\/?page_id=8138"},"modified":"2020-09-15T07:57:57","modified_gmt":"2020-09-15T07:57:57","slug":"associated-school","status":"publish","type":"page","link":"https:\/\/cursosdeinglespanama.com.pa\/en\/associated-school\/","title":{"rendered":"ASSOCIATED SCHOOL"},"content":{"rendered":"<section class=\"wpb-content-wrapper\"><p>[vc_row css=&#8221;.vc_custom_1600156674909{padding-top: 25px !important;padding-bottom: 25px !important;}&#8221;][vc_column][vc_column_text]<img decoding=\"async\" loading=\"lazy\" class=\"aligncenter size-full wp-image-8090\" src=\"https:\/\/cursosdeinglespanama.com.pa\/wp-content\/uploads\/2020\/09\/balcony-banner-valle-SP-homepage-1.jpg\" alt=\"\" width=\"1267\" height=\"302\" srcset=\"https:\/\/cursosdeinglespanama.com.pa\/wp-content\/uploads\/2020\/09\/balcony-banner-valle-SP-homepage-1.jpg 1267w, https:\/\/cursosdeinglespanama.com.pa\/wp-content\/uploads\/2020\/09\/balcony-banner-valle-SP-homepage-1-300x72.jpg 300w, https:\/\/cursosdeinglespanama.com.pa\/wp-content\/uploads\/2020\/09\/balcony-banner-valle-SP-homepage-1-1024x244.jpg 1024w, https:\/\/cursosdeinglespanama.com.pa\/wp-content\/uploads\/2020\/09\/balcony-banner-valle-SP-homepage-1-768x183.jpg 768w\" sizes=\"(max-width: 1267px) 100vw, 1267px\" \/>[\/vc_column_text][\/vc_column][\/vc_row][vc_row][vc_column][vc_column_text]<\/p>\n<h2 style=\"text-align: center;\">Ingl\u00e9sPanama<\/h2>\n<p style=\"text-align: justify;\">Our school, Ingl\u00e9sPanama, partners with Spanish Panama Language School <a href=\"http:\/\/spanishpanama.com\" target=\"_blank\" rel=\"noopener noreferrer\">http:\/\/spanishpanama.com<\/a>, the most popular and experienced Spanish school in Panama City.<\/p>\n<p style=\"text-align: justify;\">Both Ingl\u00e9sPanama and Spanish Panama Language School are located in V\u00eda Argentina, El Cangrejo, the best neighborhood in Panama: <a href=\"http:\/\/spanishpanama.com\/our-school\/el-cangrejo-the-best-neighborhood-in-panama-city\" target=\"_blank\" rel=\"nofollow noopener noreferrer\">http:\/\/spanishpanama.com\/our-school\/el-cangrejo-the-best-neighborhood-in-panama-city<\/a><\/p>\n<p style=\"text-align: justify;\">Their international experience and Canadian quality training means that their own teachers will be better suited to teaching the customs and cultural differences of the English speaking world.<\/p>\n<p style=\"text-align: justify;\">At Ingl\u00e9sPanama, we are much more personalized to meet the particular needs of students and English courses that have the best teacher-student ratio in Panama, with a very high quality at a lower cost.<\/p>\n<p style=\"text-align: justify;\">The size of the English class is kept small. In some English classes it is 1 to 1, or 2 to 1. In other English classes, there are only 3 or 4 students maximum permitted in the classroom.<\/p>\n<p>[\/vc_column_text][\/vc_column][\/vc_row][vc_row][vc_column][vc_column_text]<img decoding=\"async\" loading=\"lazy\" class=\"aligncenter size-full wp-image-8094\" src=\"https:\/\/cursosdeinglespanama.com.pa\/wp-content\/uploads\/2020\/09\/Screenshot_20200912-111433_Gmail.jpg\" alt=\"\" width=\"436\" height=\"529\" srcset=\"https:\/\/cursosdeinglespanama.com.pa\/wp-content\/uploads\/2020\/09\/Screenshot_20200912-111433_Gmail.jpg 436w, https:\/\/cursosdeinglespanama.com.pa\/wp-content\/uploads\/2020\/09\/Screenshot_20200912-111433_Gmail-247x300.jpg 247w\" sizes=\"(max-width: 436px) 100vw, 436px\" \/>[\/vc_column_text][vc_column_text]<\/p>\n<div style=\"text-align: center;\">The school administrator, Carmen Castillo, is well-organized, bilingual, and a Certified Public Accountant.<\/div>\n<div style=\"text-align: center;\">\n<p>She is also a licensed real estate agent in Panama.<\/p>\n<\/div>\n<p>[\/vc_column_text][\/vc_column][\/vc_row][vc_row][vc_column][vc_column_text]<img decoding=\"async\" loading=\"lazy\" class=\"aligncenter size-full wp-image-8044\" src=\"https:\/\/cursosdeinglespanama.com.pa\/wp-content\/uploads\/2020\/09\/Director-with-Ambassador-Canada-Canadian.jpg\" alt=\"\" width=\"1000\" height=\"1083\" srcset=\"https:\/\/cursosdeinglespanama.com.pa\/wp-content\/uploads\/2020\/09\/Director-with-Ambassador-Canada-Canadian.jpg 1000w, https:\/\/cursosdeinglespanama.com.pa\/wp-content\/uploads\/2020\/09\/Director-with-Ambassador-Canada-Canadian-277x300.jpg 277w, https:\/\/cursosdeinglespanama.com.pa\/wp-content\/uploads\/2020\/09\/Director-with-Ambassador-Canada-Canadian-946x1024.jpg 946w, https:\/\/cursosdeinglespanama.com.pa\/wp-content\/uploads\/2020\/09\/Director-with-Ambassador-Canada-Canadian-768x832.jpg 768w\" sizes=\"(max-width: 1000px) 100vw, 1000px\" \/>[\/vc_column_text][vc_column_text]<\/p>\n<p style=\"text-align: center;\">The Director of this school, Joseph Ennis, with the Canadian Ambassador, Sylvia Cesaratto,<br \/>\nin the academic exchange event between Canadian universities and Panamanian schools.<\/p>\n<p>[\/vc_column_text][\/vc_column][\/vc_row][vc_row css=&#8221;.vc_custom_1599913996733{margin-top: 40px !important;}&#8221;][vc_column][vc_column_text]<img decoding=\"async\" loading=\"lazy\" class=\"aligncenter size-full wp-image-8049\" src=\"https:\/\/cursosdeinglespanama.com.pa\/wp-content\/uploads\/2020\/09\/20190212_153304.jpg\" alt=\"\" width=\"1000\" height=\"486\" srcset=\"https:\/\/cursosdeinglespanama.com.pa\/wp-content\/uploads\/2020\/09\/20190212_153304.jpg 1000w, https:\/\/cursosdeinglespanama.com.pa\/wp-content\/uploads\/2020\/09\/20190212_153304-300x146.jpg 300w, https:\/\/cursosdeinglespanama.com.pa\/wp-content\/uploads\/2020\/09\/20190212_153304-768x373.jpg 768w\" sizes=\"(max-width: 1000px) 100vw, 1000px\" \/>[\/vc_column_text][vc_column_text]<\/p>\n<p style=\"text-align: justify;\">Our Teacher is giving the best demonstration that Ingl\u00e9sPanama and Spanish Panama Language School are not only very pleasant and comforting places to learn a language. As winner of the national literature prize of Panama (Ricardo Mir\u00f3) in the category of essays, polyglot, teaching and professional experience in 3 continents, and a certified public translator in 3 languages, our Professor Danae Brugiati Boussounis from Chiriqu\u00ed is also a demonstration of our seriousness and professionalism, which is exactly what you need in learning your new language.<\/p>\n<p>[\/vc_column_text][\/vc_column][\/vc_row][vc_row][vc_column][vc_column_text]Lastly, our maximum class size is only 4 English learners.<\/p>\n<p>Spanish Panama Language School<\/p>\n<p>V\u00eda Argentina, El Cangrejo,<br \/>\nCiudad de Panam\u00e1, Rep\u00fablica de Panam\u00e1<br \/>\n<a href=\"https:\/\/www.cursosdeinglespanama.com.pa\">www.cursosdeinglespanama.com.pa<\/a><br \/>\n<a href=\"http:\/\/www.spanishpanama.com\" target=\"_blank\" rel=\"noopener noreferrer\">www.spanishpanama.com<\/a><br \/>\nTEL. (#507) 213-3121<br \/>\nWhatsApp: (#507) 6590 2007[\/vc_column_text][\/vc_column][\/vc_row]<\/p>\n<\/section>","protected":false},"excerpt":{"rendered":"<p>[vc_row css=&#8221;.vc_custom_1600156674909{padding-top: 25px !important;padding-bottom: 25px !important;}&#8221;][vc_column][vc_column_text][\/vc_column_text][\/vc_column][\/vc_row][vc_row][vc_column][vc_column_text] Ingl\u00e9sPanama Our school, Ingl\u00e9sPanama, partners with Spanish Panama Language School http:\/\/spanishpanama.com, the most popular and experienced Spanish school in Panama City. Both Ingl\u00e9sPanama and Spanish Panama Language School are located in V\u00eda Argentina, El &hellip; <\/p>\n","protected":false},"author":1,"featured_media":0,"parent":0,"menu_order":0,"comment_status":"closed","ping_status":"closed","template":"","meta":[],"yoast_head":"<!-- This site is optimized with the Yoast SEO plugin v20.9 - https:\/\/yoast.com\/wordpress\/plugins\/seo\/ -->\n<title>ASSOCIATED SCHOOL - Cursos de Ingles Panama<\/title>\n<meta name=\"robots\" content=\"index, follow, max-snippet:-1, max-image-preview:large, max-video-preview:-1\" \/>\n<link rel=\"canonical\" href=\"https:\/\/cursosdeinglespanama.com.pa\/en\/associated-school\/\" \/>\n<meta property=\"og:locale\" content=\"en_US\" \/>\n<meta property=\"og:type\" content=\"article\" \/>\n<meta property=\"og:title\" content=\"ASSOCIATED SCHOOL - Cursos de Ingles Panama\" \/>\n<meta property=\"og:description\" content=\"[vc_row css=&#8221;.vc_custom_1600156674909{padding-top: 25px !important;padding-bottom: 25px !important;}&#8221;][vc_column][vc_column_text][\/vc_column_text][\/vc_column][\/vc_row][vc_row][vc_column][vc_column_text] Ingl\u00e9sPanama Our school, Ingl\u00e9sPanama, partners with Spanish Panama Language School http:\/\/spanishpanama.com, the most popular and experienced Spanish school in Panama City. Both Ingl\u00e9sPanama and Spanish Panama Language School are located in V\u00eda Argentina, El &hellip;\" \/>\n<meta property=\"og:url\" content=\"https:\/\/cursosdeinglespanama.com.pa\/en\/associated-school\/\" \/>\n<meta property=\"og:site_name\" content=\"Cursos de Ingles Panama\" \/>\n<meta property=\"article:modified_time\" content=\"2020-09-15T07:57:57+00:00\" \/>\n<meta property=\"og:image\" content=\"https:\/\/cursosdeinglespanama.com.pa\/wp-content\/uploads\/2020\/09\/balcony-banner-valle-SP-homepage-1.jpg\" \/>\n<meta name=\"twitter:card\" content=\"summary_large_image\" \/>\n<meta name=\"twitter:label1\" content=\"Est. reading time\" \/>\n\t<meta name=\"twitter:data1\" content=\"2 minutes\" \/>\n<script type=\"application\/ld+json\" class=\"yoast-schema-graph\">{\"@context\":\"https:\/\/schema.org\",\"@graph\":[{\"@type\":\"WebPage\",\"@id\":\"https:\/\/cursosdeinglespanama.com.pa\/en\/associated-school\/\",\"url\":\"https:\/\/cursosdeinglespanama.com.pa\/en\/associated-school\/\",\"name\":\"ASSOCIATED SCHOOL - Cursos de Ingles Panama\",\"isPartOf\":{\"@id\":\"https:\/\/cursosdeinglespanama.com.pa\/#website\"},\"datePublished\":\"2020-09-13T12:17:20+00:00\",\"dateModified\":\"2020-09-15T07:57:57+00:00\",\"breadcrumb\":{\"@id\":\"https:\/\/cursosdeinglespanama.com.pa\/en\/associated-school\/#breadcrumb\"},\"inLanguage\":\"en-US\",\"potentialAction\":[{\"@type\":\"ReadAction\",\"target\":[\"https:\/\/cursosdeinglespanama.com.pa\/en\/associated-school\/\"]}]},{\"@type\":\"BreadcrumbList\",\"@id\":\"https:\/\/cursosdeinglespanama.com.pa\/en\/associated-school\/#breadcrumb\",\"itemListElement\":[{\"@type\":\"ListItem\",\"position\":1,\"name\":\"Portada\",\"item\":\"https:\/\/cursosdeinglespanama.com.pa\/en\/\"},{\"@type\":\"ListItem\",\"position\":2,\"name\":\"ASSOCIATED SCHOOL\"}]},{\"@type\":\"WebSite\",\"@id\":\"https:\/\/cursosdeinglespanama.com.pa\/#website\",\"url\":\"https:\/\/cursosdeinglespanama.com.pa\/\",\"name\":\"Cursos de Ingles Panama\",\"description\":\"Profesionales docentes de habla inglesa nativa\",\"potentialAction\":[{\"@type\":\"SearchAction\",\"target\":{\"@type\":\"EntryPoint\",\"urlTemplate\":\"https:\/\/cursosdeinglespanama.com.pa\/?s={search_term_string}\"},\"query-input\":\"required name=search_term_string\"}],\"inLanguage\":\"en-US\"}]}<\/script>\n<!-- \/ Yoast SEO plugin. -->","yoast_head_json":{"title":"ASSOCIATED SCHOOL - Cursos de Ingles Panama","robots":{"index":"index","follow":"follow","max-snippet":"max-snippet:-1","max-image-preview":"max-image-preview:large","max-video-preview":"max-video-preview:-1"},"canonical":"https:\/\/cursosdeinglespanama.com.pa\/en\/associated-school\/","og_locale":"en_US","og_type":"article","og_title":"ASSOCIATED SCHOOL - Cursos de Ingles Panama","og_description":"[vc_row css=&#8221;.vc_custom_1600156674909{padding-top: 25px !important;padding-bottom: 25px !important;}&#8221;][vc_column][vc_column_text][\/vc_column_text][\/vc_column][\/vc_row][vc_row][vc_column][vc_column_text] Ingl\u00e9sPanama Our school, Ingl\u00e9sPanama, partners with Spanish Panama Language School http:\/\/spanishpanama.com, the most popular and experienced Spanish school in Panama City. Both Ingl\u00e9sPanama and Spanish Panama Language School are located in V\u00eda Argentina, El &hellip;","og_url":"https:\/\/cursosdeinglespanama.com.pa\/en\/associated-school\/","og_site_name":"Cursos de Ingles Panama","article_modified_time":"2020-09-15T07:57:57+00:00","og_image":[{"url":"https:\/\/cursosdeinglespanama.com.pa\/wp-content\/uploads\/2020\/09\/balcony-banner-valle-SP-homepage-1.jpg"}],"twitter_card":"summary_large_image","twitter_misc":{"Est. reading time":"2 minutes"},"schema":{"@context":"https:\/\/schema.org","@graph":[{"@type":"WebPage","@id":"https:\/\/cursosdeinglespanama.com.pa\/en\/associated-school\/","url":"https:\/\/cursosdeinglespanama.com.pa\/en\/associated-school\/","name":"ASSOCIATED SCHOOL - Cursos de Ingles Panama","isPartOf":{"@id":"https:\/\/cursosdeinglespanama.com.pa\/#website"},"datePublished":"2020-09-13T12:17:20+00:00","dateModified":"2020-09-15T07:57:57+00:00","breadcrumb":{"@id":"https:\/\/cursosdeinglespanama.com.pa\/en\/associated-school\/#breadcrumb"},"inLanguage":"en-US","potentialAction":[{"@type":"ReadAction","target":["https:\/\/cursosdeinglespanama.com.pa\/en\/associated-school\/"]}]},{"@type":"BreadcrumbList","@id":"https:\/\/cursosdeinglespanama.com.pa\/en\/associated-school\/#breadcrumb","itemListElement":[{"@type":"ListItem","position":1,"name":"Portada","item":"https:\/\/cursosdeinglespanama.com.pa\/en\/"},{"@type":"ListItem","position":2,"name":"ASSOCIATED SCHOOL"}]},{"@type":"WebSite","@id":"https:\/\/cursosdeinglespanama.com.pa\/#website","url":"https:\/\/cursosdeinglespanama.com.pa\/","name":"Cursos de Ingles Panama","description":"Profesionales docentes de habla inglesa nativa","potentialAction":[{"@type":"SearchAction","target":{"@type":"EntryPoint","urlTemplate":"https:\/\/cursosdeinglespanama.com.pa\/?s={search_term_string}"},"query-input":"required name=search_term_string"}],"inLanguage":"en-US"}]}},"_links":{"self":[{"href":"https:\/\/cursosdeinglespanama.com.pa\/en\/wp-json\/wp\/v2\/pages\/8138"}],"collection":[{"href":"https:\/\/cursosdeinglespanama.com.pa\/en\/wp-json\/wp\/v2\/pages"}],"about":[{"href":"https:\/\/cursosdeinglespanama.com.pa\/en\/wp-json\/wp\/v2\/types\/page"}],"author":[{"embeddable":true,"href":"https:\/\/cursosdeinglespanama.com.pa\/en\/wp-json\/wp\/v2\/users\/1"}],"replies":[{"embeddable":true,"href":"https:\/\/cursosdeinglespanama.com.pa\/en\/wp-json\/wp\/v2\/comments?post=8138"}],"version-history":[{"count":6,"href":"https:\/\/cursosdeinglespanama.com.pa\/en\/wp-json\/wp\/v2\/pages\/8138\/revisions"}],"predecessor-version":[{"id":8227,"href":"https:\/\/cursosdeinglespanama.com.pa\/en\/wp-json\/wp\/v2\/pages\/8138\/revisions\/8227"}],"wp:attachment":[{"href":"https:\/\/cursosdeinglespanama.com.pa\/en\/wp-json\/wp\/v2\/media?parent=8138"}],"curies":[{"name":"wp","href":"https:\/\/api.w.org\/{rel}","templated":true}]}}